{"id":1111,"date":"2017-03-20T11:48:55","date_gmt":"2017-03-20T10:48:55","guid":{"rendered":"https:\/\/usep.org\/?page_id=1111"},"modified":"2025-04-14T13:46:54","modified_gmt":"2025-04-14T11:46:54","slug":"espace-parents","status":"publish","type":"page","link":"https:\/\/archive.usep.org\/index.php\/espace-parents\/","title":{"rendered":"Espace Parents"},"content":{"rendered":"<p>[et_pb_section bb_built=\u00a0\u00bb1&Prime; admin_label=\u00a0\u00bbsection\u00a0\u00bb background_color=\u00a0\u00bb#e91d19&Prime; inner_shadow=\u00a0\u00bbon\u00a0\u00bb fullwidth=\u00a0\u00bbon\u00a0\u00bb _builder_version=\u00a0\u00bb3.0.47&Prime; transparent_background=\u00a0\u00bboff\u00a0\u00bb next_background_color=\u00a0\u00bb#ffffff\u00a0\u00bb][et_pb_fullwidth_header title=\u00a0\u00bbEspace Parents\u00a0\u00bb subhead=\u00a0\u00bbL\u2019USEP, une occasion pour votre enfant de pratiquer des activit\u00e9s sportives dans un cadre associatif propos\u00e9 au sein et en dehors de l\u2019\u00e9cole d\u00e8s son plus jeune \u00e2ge\u00a0\u00bb background_layout=\u00a0\u00bbdark\u00a0\u00bb _builder_version=\u00a0\u00bb3.0.47&Prime; _i=\u00a0\u00bb0&Prime; _address=\u00a0\u00bb0.0&Prime; content_max_width=\u00a0\u00bb100%\u00a0\u00bb background_color=\u00a0\u00bbrgba(255, 255, 255, 0)\u00a0\u00bb \/][\/et_pb_section][et_pb_section bb_built=\u00a0\u00bb1&Prime; _builder_version=\u00a0\u00bb3.0.47&Prime; custom_padding=\u00a0\u00bb0px||10px|\u00a0\u00bb transparent_background=\u00a0\u00bboff\u00a0\u00bb prev_background_color=\u00a0\u00bb#e91d19&Prime; next_background_color=\u00a0\u00bb#545454&Prime;][et_pb_row custom_padding=\u00a0\u00bb10px||10px|\u00a0\u00bb parallax_method_1=\u00a0\u00bboff\u00a0\u00bb parallax_method_2=\u00a0\u00bboff\u00a0\u00bb parallax_method_3=\u00a0\u00bboff\u00a0\u00bb _builder_version=\u00a0\u00bb3.0.47&Prime; background_size=\u00a0\u00bbinitial\u00a0\u00bb background_position=\u00a0\u00bbtop_left\u00a0\u00bb background_repeat=\u00a0\u00bbrepeat\u00a0\u00bb _i=\u00a0\u00bb3&Prime; _address=\u00a0\u00bb3.3&Prime;][et_pb_column type=\u00a0\u00bb1_2&Prime;][et_pb_blurb admin_label=\u00a0\u00bbBlurb\u00a0\u00bb title=\u00a0\u00bbRessources p\u00e9dagogiques\u00a0\u00bb url=\u00a0\u00bb\/index.php\/ressources-pedagogiques\/\u00a0\u00bb icon_color=\u00a0\u00bb#2caaca\u00a0\u00bb image=\u00a0\u00bbhttps:\/\/archive.usep.org\/wp-content\/uploads\/2017\/02\/pedagogique.gif\u00a0\u00bb _builder_version=\u00a0\u00bb3.0.106&Prime; body_line_height=\u00a0\u00bb1em\u00a0\u00bb background_size=\u00a0\u00bbinitial\u00a0\u00bb background_position=\u00a0\u00bbtop_left\u00a0\u00bb background_repeat=\u00a0\u00bbrepeat\u00a0\u00bb text_orientation=\u00a0\u00bbcenter\u00a0\u00bb custom_margin=\u00a0\u00bb0px||0px|\u00a0\u00bb custom_padding=\u00a0\u00bb0px||0px|\u00a0\u00bb animation=\u00a0\u00bbbottom\u00a0\u00bb _i=\u00a0\u00bb0&Prime; _address=\u00a0\u00bb3.3.0.0&Prime; url_new_window=\u00a0\u00bboff\u00a0\u00bb use_icon=\u00a0\u00bboff\u00a0\u00bb use_circle=\u00a0\u00bboff\u00a0\u00bb use_circle_border=\u00a0\u00bboff\u00a0\u00bb icon_placement=\u00a0\u00bbtop\u00a0\u00bb use_icon_font_size=\u00a0\u00bboff\u00a0\u00bb background_layout=\u00a0\u00bblight\u00a0\u00bb max_width_tablet=\u00a0\u00bb50px\u00a0\u00bb \/][\/et_pb_column][et_pb_column type=\u00a0\u00bb1_2&Prime;][et_pb_blurb admin_label=\u00a0\u00bbBlurb\u00a0\u00bb title=\u00a0\u00bbEspace enseignant.es\u00a0\u00bb url=\u00a0\u00bb\/index.php\/espace-enseignants\/\u00a0\u00bb icon_color=\u00a0\u00bb#2caaca\u00a0\u00bb image=\u00a0\u00bbhttps:\/\/archive.usep.org\/wp-content\/uploads\/2017\/02\/enseignant.gif\u00a0\u00bb _builder_version=\u00a0\u00bb3.0.106&Prime; background_size=\u00a0\u00bbinitial\u00a0\u00bb background_position=\u00a0\u00bbtop_left\u00a0\u00bb background_repeat=\u00a0\u00bbrepeat\u00a0\u00bb text_orientation=\u00a0\u00bbcenter\u00a0\u00bb animation=\u00a0\u00bbbottom\u00a0\u00bb _i=\u00a0\u00bb0&Prime; _address=\u00a0\u00bb3.3.1.0&Prime; url_new_window=\u00a0\u00bboff\u00a0\u00bb use_icon=\u00a0\u00bboff\u00a0\u00bb use_circle=\u00a0\u00bboff\u00a0\u00bb use_circle_border=\u00a0\u00bboff\u00a0\u00bb icon_placement=\u00a0\u00bbtop\u00a0\u00bb use_icon_font_size=\u00a0\u00bboff\u00a0\u00bb background_layout=\u00a0\u00bblight\u00a0\u00bb max_width_tablet=\u00a0\u00bb50px\u00a0\u00bb \/][\/et_pb_column][\/et_pb_row][\/et_pb_section][et_pb_section bb_built=\u00a0\u00bb1&Prime; background_color=\u00a0\u00bb#545454&Prime; _builder_version=\u00a0\u00bb3.0.47&Prime; transparent_background=\u00a0\u00bboff\u00a0\u00bb prev_background_color=\u00a0\u00bb#ffffff\u00a0\u00bb next_background_color=\u00a0\u00bb#f5f5f5&Prime;][et_pb_row _builder_version=\u00a0\u00bb3.0.47&Prime; background_size=\u00a0\u00bbinitial\u00a0\u00bb background_position=\u00a0\u00bbtop_left\u00a0\u00bb background_repeat=\u00a0\u00bbrepeat\u00a0\u00bb _i=\u00a0\u00bb0&Prime; _address=\u00a0\u00bb1.0&Prime;][et_pb_column type=\u00a0\u00bb4_4&Prime;][et_pb_text background_layout=\u00a0\u00bbdark\u00a0\u00bb _builder_version=\u00a0\u00bb3.9&Prime; background_size=\u00a0\u00bbinitial\u00a0\u00bb background_position=\u00a0\u00bbtop_left\u00a0\u00bb background_repeat=\u00a0\u00bbrepeat\u00a0\u00bb _i=\u00a0\u00bb0&Prime; _address=\u00a0\u00bb1.0.0.0&Prime;]<\/p>\n<p style=\"text-align: justify;\"><img loading=\"lazy\" decoding=\"async\" class=\"size-medium wp-image-1213 alignright\" src=\"https:\/\/archive.usep.org\/wp-content\/uploads\/2017\/03\/espace-parents-300x225.jpg\" alt=\"\" width=\"300\" height=\"225\" \/>Etre impliqu\u00e9-e et licenci\u00e9-e \u00e0 l\u2019association USEP de l\u2019\u00e9cole de son enfant donne la possibilit\u00e9 de participer de fa\u00e7on concr\u00e8te \u00e0 <strong>la vie de l\u2019\u00e9cole<\/strong>, de participer \u00e0 des formations et de faire partie d\u2019un <strong>r\u00e9seau d\u2019adultes volontaires et motiv\u00e9s pour cr\u00e9er des environnements sportifs et associatifs favorables \u00e0 l\u2019\u00e9panouissement des enfants.<\/strong><\/p>\n<p>\u00a0<\/p>\n<p style=\"text-align: justify;\">L&rsquo;USEP d\u00e9veloppe le go\u00fbt de la pratique physique et sportive pour tous les enfants. Elle apporte une r\u00e9ponse originale pour r\u00e9pondre aux enjeux de sant\u00e9, de r\u00e9ussite scolaire et de coh\u00e9sion sociale.\u00a0 La licence offre \u00e0 chaque enfant la possibilit\u00e9 de pratiquer des activit\u00e9s physiques adapt\u00e9es, diversifi\u00e9es et motivantes en lien avec un projet sportif individuel et collectif.<\/p>\n<p>\u00a0<\/p>\n<p style=\"text-align: justify;\">Aussi chaque enfant participe avec les autres camarades de l\u2019\u00e9cole, \u00e0 <strong>des rencontres sportives<\/strong> rassemblant plusieurs associations d\u2019\u00e9cole. Riche de ces exp\u00e9riences sportives, chaque enfant pourra alors affiner ses go\u00fbts pour choisir plus tard une activit\u00e9 sportive et adopter un mode de vie actif, b\u00e9n\u00e9fique \u00e0 sa sant\u00e9.<\/p>\n<p>\u00a0<\/p>\n<p style=\"text-align: justify;\">\u00a0<strong>Une association\u00a0 peut \u00eatre cr\u00e9\u00e9e dans chaque \u00e9cole<\/strong>.\u00a0 Renseignez-vous aupr\u00e8s de l\u2019enseignant.e de votre enfant ou du directeur-directrice.\u00a0 Vous avez toute <strong>votre place dans cette association<\/strong> pour la faire vivre.<\/p>\n<p><a href=\"https:\/\/archive.usep.org\/wp-content\/uploads\/2018\/07\/Flyerparents.pdf\" target=\"_blank\" rel=\"noopener\">T\u00e9l\u00e9charger le flyer de pr\u00e9sentation de l&rsquo;USEP aux parents.<\/a><\/p>\n<p>[\/et_pb_text][\/et_pb_column][\/et_pb_row][\/et_pb_section][et_pb_section bb_built=\u00a0\u00bb1&Prime; admin_label=\u00a0\u00bbsection\u00a0\u00bb background_color=\u00a0\u00bb#f5f5f5&Prime; inner_shadow=\u00a0\u00bbon\u00a0\u00bb _builder_version=\u00a0\u00bb3.0.47&Prime; prev_background_color=\u00a0\u00bb#545454&Prime;][et_pb_row admin_label=\u00a0\u00bbrow\u00a0\u00bb _builder_version=\u00a0\u00bb3.0.47&Prime; background_size=\u00a0\u00bbinitial\u00a0\u00bb background_position=\u00a0\u00bbtop_left\u00a0\u00bb background_repeat=\u00a0\u00bbrepeat\u00a0\u00bb _i=\u00a0\u00bb0&Prime; _address=\u00a0\u00bb2.0&Prime;][et_pb_column type=\u00a0\u00bb4_4&Prime;][et_pb_blog fullwidth=\u00a0\u00bboff\u00a0\u00bb posts_number=\u00a0\u00bb9&Prime; include_categories=\u00a0\u00bb18&Prime; show_more=\u00a0\u00bbon\u00a0\u00bb show_author=\u00a0\u00bboff\u00a0\u00bb show_date=\u00a0\u00bboff\u00a0\u00bb show_comments=\u00a0\u00bbon\u00a0\u00bb show_pagination=\u00a0\u00bboff\u00a0\u00bb _builder_version=\u00a0\u00bb3.0.86&Prime; show_content=\u00a0\u00bboff\u00a0\u00bb show_thumbnail=\u00a0\u00bbon\u00a0\u00bb show_categories=\u00a0\u00bbon\u00a0\u00bb use_dropshadow=\u00a0\u00bboff\u00a0\u00bb use_overlay=\u00a0\u00bboff\u00a0\u00bb background_layout=\u00a0\u00bblight\u00a0\u00bb pagination_font_size_tablet=\u00a0\u00bb51&Prime; pagination_line_height_tablet=\u00a0\u00bb2&Prime; box_shadow_style=\u00a0\u00bbpreset1&Prime; box_shadow_horizontal=\u00a0\u00bb0px\u00a0\u00bb box_shadow_vertical=\u00a0\u00bb2px\u00a0\u00bb box_shadow_blur=\u00a0\u00bb18px\u00a0\u00bb box_shadow_spread=\u00a0\u00bb0px\u00a0\u00bb box_shadow_color=\u00a0\u00bbrgba(0,0,0,0.3)\u00a0\u00bb \/][\/et_pb_column][\/et_pb_row][\/et_pb_section]<\/p>\n","protected":false},"excerpt":{"rendered":"<p>Etre impliqu\u00e9-e et licenci\u00e9-e \u00e0 l\u2019association USEP de l\u2019\u00e9cole de son enfant donne la possibilit\u00e9 de participer de fa\u00e7on concr\u00e8te \u00e0 la vie de l\u2019\u00e9cole, de participer \u00e0 des formations [&hellip;]<\/p>\n","protected":false},"author":1,"featured_media":0,"parent":0,"menu_order":0,"comment_status":"closed","ping_status":"closed","template":"","meta":{"_et_pb_use_builder":"on","_et_pb_old_content":"","_et_gb_content_width":"","footnotes":""},"class_list":["post-1111","page","type-page","status-publish","hentry"],"yoast_head":"<!-- This site is optimized with the Yoast SEO plugin v27.5 - https:\/\/yoast.com\/product\/yoast-seo-wordpress\/ -->\n<title>Espace Parents - USEP<\/title>\n<meta name=\"robots\" content=\"noindex, follow, max-snippet:-1, max-image-preview:large, max-video-preview:-1\" \/>\n<meta property=\"og:locale\" content=\"fr_FR\" \/>\n<meta property=\"og:type\" content=\"article\" \/>\n<meta property=\"og:title\" content=\"Espace Parents - USEP\" \/>\n<meta property=\"og:description\" content=\"Etre impliqu\u00e9-e et licenci\u00e9-e \u00e0 l\u2019association USEP de l\u2019\u00e9cole de son enfant donne la possibilit\u00e9 de participer de fa\u00e7on concr\u00e8te \u00e0 la vie de l\u2019\u00e9cole, de participer \u00e0 des formations [&hellip;]\" \/>\n<meta property=\"og:url\" content=\"https:\/\/archive.usep.org\/index.php\/espace-parents\/\" \/>\n<meta property=\"og:site_name\" content=\"USEP\" \/>\n<meta property=\"article:modified_time\" content=\"2025-04-14T11:46:54+00:00\" \/>\n<meta property=\"og:image\" content=\"https:\/\/archive.usep.org\/wp-content\/uploads\/2017\/03\/espace-parents.jpg\" \/>\n\t<meta property=\"og:image:width\" content=\"500\" \/>\n\t<meta property=\"og:image:height\" content=\"375\" \/>\n\t<meta property=\"og:image:type\" content=\"image\/jpeg\" \/>\n<meta name=\"twitter:card\" content=\"summary_large_image\" \/>\n<meta name=\"twitter:label1\" content=\"Dur\u00e9e de lecture estim\u00e9e\" \/>\n\t<meta name=\"twitter:data1\" content=\"4 minutes\" \/>\n<script type=\"application\/ld+json\" class=\"yoast-schema-graph\">{\"@context\":\"https:\\\/\\\/schema.org\",\"@graph\":[{\"@type\":\"WebPage\",\"@id\":\"https:\\\/\\\/archive.usep.org\\\/index.php\\\/espace-parents\\\/\",\"url\":\"https:\\\/\\\/archive.usep.org\\\/index.php\\\/espace-parents\\\/\",\"name\":\"Espace Parents - USEP\",\"isPartOf\":{\"@id\":\"https:\\\/\\\/archive.usep.org\\\/#website\"},\"primaryImageOfPage\":{\"@id\":\"https:\\\/\\\/archive.usep.org\\\/index.php\\\/espace-parents\\\/#primaryimage\"},\"image\":{\"@id\":\"https:\\\/\\\/archive.usep.org\\\/index.php\\\/espace-parents\\\/#primaryimage\"},\"thumbnailUrl\":\"https:\\\/\\\/archive.usep.org\\\/wp-content\\\/uploads\\\/2017\\\/03\\\/espace-parents-300x225.jpg\",\"datePublished\":\"2017-03-20T10:48:55+00:00\",\"dateModified\":\"2025-04-14T11:46:54+00:00\",\"breadcrumb\":{\"@id\":\"https:\\\/\\\/archive.usep.org\\\/index.php\\\/espace-parents\\\/#breadcrumb\"},\"inLanguage\":\"fr-FR\",\"potentialAction\":[{\"@type\":\"ReadAction\",\"target\":[\"https:\\\/\\\/archive.usep.org\\\/index.php\\\/espace-parents\\\/\"]}]},{\"@type\":\"ImageObject\",\"inLanguage\":\"fr-FR\",\"@id\":\"https:\\\/\\\/archive.usep.org\\\/index.php\\\/espace-parents\\\/#primaryimage\",\"url\":\"https:\\\/\\\/archive.usep.org\\\/wp-content\\\/uploads\\\/2017\\\/03\\\/espace-parents.jpg\",\"contentUrl\":\"https:\\\/\\\/archive.usep.org\\\/wp-content\\\/uploads\\\/2017\\\/03\\\/espace-parents.jpg\",\"width\":500,\"height\":375,\"caption\":\"USEP\"},{\"@type\":\"BreadcrumbList\",\"@id\":\"https:\\\/\\\/archive.usep.org\\\/index.php\\\/espace-parents\\\/#breadcrumb\",\"itemListElement\":[{\"@type\":\"ListItem\",\"position\":1,\"name\":\"Accueil\",\"item\":\"https:\\\/\\\/archive.usep.org\\\/\"},{\"@type\":\"ListItem\",\"position\":2,\"name\":\"Espace Parents\"}]},{\"@type\":\"WebSite\",\"@id\":\"https:\\\/\\\/archive.usep.org\\\/#website\",\"url\":\"https:\\\/\\\/archive.usep.org\\\/\",\"name\":\"USEP\",\"description\":\"\",\"potentialAction\":[{\"@type\":\"SearchAction\",\"target\":{\"@type\":\"EntryPoint\",\"urlTemplate\":\"https:\\\/\\\/archive.usep.org\\\/?s={search_term_string}\"},\"query-input\":{\"@type\":\"PropertyValueSpecification\",\"valueRequired\":true,\"valueName\":\"search_term_string\"}}],\"inLanguage\":\"fr-FR\"}]}<\/script>\n<!-- \/ Yoast SEO plugin. -->","yoast_head_json":{"title":"Espace Parents - USEP","robots":{"index":"noindex","follow":"follow","max-snippet":"max-snippet:-1","max-image-preview":"max-image-preview:large","max-video-preview":"max-video-preview:-1"},"og_locale":"fr_FR","og_type":"article","og_title":"Espace Parents - USEP","og_description":"Etre impliqu\u00e9-e et licenci\u00e9-e \u00e0 l\u2019association USEP de l\u2019\u00e9cole de son enfant donne la possibilit\u00e9 de participer de fa\u00e7on concr\u00e8te \u00e0 la vie de l\u2019\u00e9cole, de participer \u00e0 des formations [&hellip;]","og_url":"https:\/\/archive.usep.org\/index.php\/espace-parents\/","og_site_name":"USEP","article_modified_time":"2025-04-14T11:46:54+00:00","og_image":[{"width":500,"height":375,"url":"https:\/\/archive.usep.org\/wp-content\/uploads\/2017\/03\/espace-parents.jpg","type":"image\/jpeg"}],"twitter_card":"summary_large_image","twitter_misc":{"Dur\u00e9e de lecture estim\u00e9e":"4 minutes"},"schema":{"@context":"https:\/\/schema.org","@graph":[{"@type":"WebPage","@id":"https:\/\/archive.usep.org\/index.php\/espace-parents\/","url":"https:\/\/archive.usep.org\/index.php\/espace-parents\/","name":"Espace Parents - USEP","isPartOf":{"@id":"https:\/\/archive.usep.org\/#website"},"primaryImageOfPage":{"@id":"https:\/\/archive.usep.org\/index.php\/espace-parents\/#primaryimage"},"image":{"@id":"https:\/\/archive.usep.org\/index.php\/espace-parents\/#primaryimage"},"thumbnailUrl":"https:\/\/archive.usep.org\/wp-content\/uploads\/2017\/03\/espace-parents-300x225.jpg","datePublished":"2017-03-20T10:48:55+00:00","dateModified":"2025-04-14T11:46:54+00:00","breadcrumb":{"@id":"https:\/\/archive.usep.org\/index.php\/espace-parents\/#breadcrumb"},"inLanguage":"fr-FR","potentialAction":[{"@type":"ReadAction","target":["https:\/\/archive.usep.org\/index.php\/espace-parents\/"]}]},{"@type":"ImageObject","inLanguage":"fr-FR","@id":"https:\/\/archive.usep.org\/index.php\/espace-parents\/#primaryimage","url":"https:\/\/archive.usep.org\/wp-content\/uploads\/2017\/03\/espace-parents.jpg","contentUrl":"https:\/\/archive.usep.org\/wp-content\/uploads\/2017\/03\/espace-parents.jpg","width":500,"height":375,"caption":"USEP"},{"@type":"BreadcrumbList","@id":"https:\/\/archive.usep.org\/index.php\/espace-parents\/#breadcrumb","itemListElement":[{"@type":"ListItem","position":1,"name":"Accueil","item":"https:\/\/archive.usep.org\/"},{"@type":"ListItem","position":2,"name":"Espace Parents"}]},{"@type":"WebSite","@id":"https:\/\/archive.usep.org\/#website","url":"https:\/\/archive.usep.org\/","name":"USEP","description":"","potentialAction":[{"@type":"SearchAction","target":{"@type":"EntryPoint","urlTemplate":"https:\/\/archive.usep.org\/?s={search_term_string}"},"query-input":{"@type":"PropertyValueSpecification","valueRequired":true,"valueName":"search_term_string"}}],"inLanguage":"fr-FR"}]}},"_links":{"self":[{"href":"https:\/\/archive.usep.org\/index.php\/wp-json\/wp\/v2\/pages\/1111","targetHints":{"allow":["GET"]}}],"collection":[{"href":"https:\/\/archive.usep.org\/index.php\/wp-json\/wp\/v2\/pages"}],"about":[{"href":"https:\/\/archive.usep.org\/index.php\/wp-json\/wp\/v2\/types\/page"}],"author":[{"embeddable":true,"href":"https:\/\/archive.usep.org\/index.php\/wp-json\/wp\/v2\/users\/1"}],"replies":[{"embeddable":true,"href":"https:\/\/archive.usep.org\/index.php\/wp-json\/wp\/v2\/comments?post=1111"}],"version-history":[{"count":23,"href":"https:\/\/archive.usep.org\/index.php\/wp-json\/wp\/v2\/pages\/1111\/revisions"}],"predecessor-version":[{"id":23295,"href":"https:\/\/archive.usep.org\/index.php\/wp-json\/wp\/v2\/pages\/1111\/revisions\/23295"}],"wp:attachment":[{"href":"https:\/\/archive.usep.org\/index.php\/wp-json\/wp\/v2\/media?parent=1111"}],"curies":[{"name":"wp","href":"https:\/\/api.w.org\/{rel}","templated":true}]}}