{"id":656,"date":"2017-02-28T11:51:34","date_gmt":"2017-02-28T10:51:34","guid":{"rendered":"https:\/\/usep.org\/?page_id=656"},"modified":"2025-04-14T13:46:54","modified_gmt":"2025-04-14T11:46:54","slug":"espace-enseignants","status":"publish","type":"page","link":"https:\/\/archive.usep.org\/index.php\/espace-enseignants\/","title":{"rendered":"Espace enseignant-e-s"},"content":{"rendered":"<p>[et_pb_section fb_built=\u00a0\u00bb1&Prime; inner_shadow=\u00a0\u00bbon\u00a0\u00bb fullwidth=\u00a0\u00bbon\u00a0\u00bb admin_label=\u00a0\u00bbsection\u00a0\u00bb _builder_version=\u00a0\u00bb3.22.3&Prime; background_color=\u00a0\u00bb#f09630&Prime;][et_pb_fullwidth_header title=\u00a0\u00bbEspace enseignant-e-s\u00a0\u00bb subhead=\u00a0\u00bbUn r\u00e9seau d\u2019\u00e9changes et de mutualisation pour la pratique d&rsquo;activit\u00e9s sportives et associatives des enfants, ouvert \u00e0 tous les enseignants, acteurs et auteurs de l\u2019USEP \u00a0\u00bb content_max_width=\u00a0\u00bbnone\u00a0\u00bb _builder_version=\u00a0\u00bb3.16&Prime; background_color=\u00a0\u00bbrgba(255, 255, 255, 0)\u00a0\u00bb button_one_text_size__hover_enabled=\u00a0\u00bboff\u00a0\u00bb button_one_text_size__hover=\u00a0\u00bbnull\u00a0\u00bb button_two_text_size__hover_enabled=\u00a0\u00bboff\u00a0\u00bb button_two_text_size__hover=\u00a0\u00bbnull\u00a0\u00bb button_one_text_color__hover_enabled=\u00a0\u00bboff\u00a0\u00bb button_one_text_color__hover=\u00a0\u00bbnull\u00a0\u00bb button_two_text_color__hover_enabled=\u00a0\u00bboff\u00a0\u00bb button_two_text_color__hover=\u00a0\u00bbnull\u00a0\u00bb button_one_border_width__hover_enabled=\u00a0\u00bboff\u00a0\u00bb button_one_border_width__hover=\u00a0\u00bbnull\u00a0\u00bb button_two_border_width__hover_enabled=\u00a0\u00bboff\u00a0\u00bb button_two_border_width__hover=\u00a0\u00bbnull\u00a0\u00bb button_one_border_color__hover_enabled=\u00a0\u00bboff\u00a0\u00bb button_one_border_color__hover=\u00a0\u00bbnull\u00a0\u00bb button_two_border_color__hover_enabled=\u00a0\u00bboff\u00a0\u00bb button_two_border_color__hover=\u00a0\u00bbnull\u00a0\u00bb button_one_border_radius__hover_enabled=\u00a0\u00bboff\u00a0\u00bb button_one_border_radius__hover=\u00a0\u00bbnull\u00a0\u00bb button_two_border_radius__hover_enabled=\u00a0\u00bboff\u00a0\u00bb button_two_border_radius__hover=\u00a0\u00bbnull\u00a0\u00bb button_one_letter_spacing__hover_enabled=\u00a0\u00bboff\u00a0\u00bb button_one_letter_spacing__hover=\u00a0\u00bbnull\u00a0\u00bb button_two_letter_spacing__hover_enabled=\u00a0\u00bboff\u00a0\u00bb button_two_letter_spacing__hover=\u00a0\u00bbnull\u00a0\u00bb button_one_bg_color__hover_enabled=\u00a0\u00bboff\u00a0\u00bb button_one_bg_color__hover=\u00a0\u00bbnull\u00a0\u00bb button_two_bg_color__hover_enabled=\u00a0\u00bboff\u00a0\u00bb button_two_bg_color__hover=\u00a0\u00bbnull\u00a0\u00bb][\/et_pb_fullwidth_header][\/et_pb_section][et_pb_section fb_built=\u00a0\u00bb1&Prime; _builder_version=\u00a0\u00bb3.22.3&Prime; custom_padding=\u00a0\u00bb0px||10px|\u00a0\u00bb transparent_background=\u00a0\u00bboff\u00a0\u00bb][et_pb_row custom_padding=\u00a0\u00bb10px||10px|\u00a0\u00bb _builder_version=\u00a0\u00bb3.25&Prime; background_size=\u00a0\u00bbinitial\u00a0\u00bb background_position=\u00a0\u00bbtop_left\u00a0\u00bb background_repeat=\u00a0\u00bbrepeat\u00a0\u00bb column_structure=\u00a0\u00bb1_2,1_2&Prime;][et_pb_column type=\u00a0\u00bb1_2&Prime; _builder_version=\u00a0\u00bb3.25&Prime; custom_padding=\u00a0\u00bb|||\u00a0\u00bb custom_padding__hover=\u00a0\u00bb|||\u00a0\u00bb][et_pb_blurb title=\u00a0\u00bbRessources p\u00e9dagogiques\u00a0\u00bb url=\u00a0\u00bb\/index.php\/ressources-pedagogiques\/\u00a0\u00bb image=\u00a0\u00bbhttps:\/\/archive.usep.org\/wp-content\/uploads\/2017\/02\/pedagogique.gif\u00a0\u00bb admin_label=\u00a0\u00bbBlurb\u00a0\u00bb _builder_version=\u00a0\u00bb3.0.106&Prime; body_line_height=\u00a0\u00bb1em\u00a0\u00bb background_size=\u00a0\u00bbinitial\u00a0\u00bb background_position=\u00a0\u00bbtop_left\u00a0\u00bb background_repeat=\u00a0\u00bbrepeat\u00a0\u00bb text_orientation=\u00a0\u00bbcenter\u00a0\u00bb max_width_tablet=\u00a0\u00bb50px\u00a0\u00bb custom_margin=\u00a0\u00bb0px||0px|\u00a0\u00bb custom_padding=\u00a0\u00bb0px||0px|\u00a0\u00bb animation=\u00a0\u00bbbottom\u00a0\u00bb][\/et_pb_blurb][\/et_pb_column][et_pb_column type=\u00a0\u00bb1_2&Prime; _builder_version=\u00a0\u00bb3.25&Prime; custom_padding=\u00a0\u00bb|||\u00a0\u00bb custom_padding__hover=\u00a0\u00bb|||\u00a0\u00bb][et_pb_blurb title=\u00a0\u00bbEspace Parents\u00a0\u00bb url=\u00a0\u00bb\/index.php\/espace-parents\/\u00a0\u00bb image=\u00a0\u00bbhttps:\/\/archive.usep.org\/wp-content\/uploads\/2017\/02\/parent.gif\u00a0\u00bb admin_label=\u00a0\u00bbBlurb\u00a0\u00bb _builder_version=\u00a0\u00bb3.0.106&Prime; background_size=\u00a0\u00bbinitial\u00a0\u00bb background_position=\u00a0\u00bbtop_left\u00a0\u00bb background_repeat=\u00a0\u00bbrepeat\u00a0\u00bb text_orientation=\u00a0\u00bbcenter\u00a0\u00bb max_width_tablet=\u00a0\u00bb50px\u00a0\u00bb animation=\u00a0\u00bbbottom\u00a0\u00bb][\/et_pb_blurb][\/et_pb_column][\/et_pb_row][\/et_pb_section][et_pb_section fb_built=\u00a0\u00bb1&Prime; _builder_version=\u00a0\u00bb3.22.3&Prime; background_color=\u00a0\u00bb#545454&Prime;][et_pb_row _builder_version=\u00a0\u00bb3.25&Prime; background_size=\u00a0\u00bbinitial\u00a0\u00bb background_position=\u00a0\u00bbtop_left\u00a0\u00bb background_repeat=\u00a0\u00bbrepeat\u00a0\u00bb][et_pb_column type=\u00a0\u00bb4_4&Prime; _builder_version=\u00a0\u00bb3.0.47&Prime; custom_padding=\u00a0\u00bb|||\u00a0\u00bb custom_padding__hover=\u00a0\u00bb|||\u00a0\u00bb][et_pb_text _builder_version=\u00a0\u00bb3.25.2&Prime; background_size=\u00a0\u00bbinitial\u00a0\u00bb background_position=\u00a0\u00bbtop_left\u00a0\u00bb background_repeat=\u00a0\u00bbrepeat\u00a0\u00bb background_layout=\u00a0\u00bbdark\u00a0\u00bb z_index_tablet=\u00a0\u00bb500&Prime; text_text_shadow_horizontal_length_tablet=\u00a0\u00bb0px\u00a0\u00bb text_text_shadow_vertical_length_tablet=\u00a0\u00bb0px\u00a0\u00bb text_text_shadow_blur_strength_tablet=\u00a0\u00bb1px\u00a0\u00bb link_text_shadow_horizontal_length_tablet=\u00a0\u00bb0px\u00a0\u00bb link_text_shadow_vertical_length_tablet=\u00a0\u00bb0px\u00a0\u00bb link_text_shadow_blur_strength_tablet=\u00a0\u00bb1px\u00a0\u00bb ul_text_shadow_horizontal_length_tablet=\u00a0\u00bb0px\u00a0\u00bb ul_text_shadow_vertical_length_tablet=\u00a0\u00bb0px\u00a0\u00bb ul_text_shadow_blur_strength_tablet=\u00a0\u00bb1px\u00a0\u00bb ol_text_shadow_horizontal_length_tablet=\u00a0\u00bb0px\u00a0\u00bb ol_text_shadow_vertical_length_tablet=\u00a0\u00bb0px\u00a0\u00bb ol_text_shadow_blur_strength_tablet=\u00a0\u00bb1px\u00a0\u00bb quote_text_shadow_horizontal_length_tablet=\u00a0\u00bb0px\u00a0\u00bb quote_text_shadow_vertical_length_tablet=\u00a0\u00bb0px\u00a0\u00bb quote_text_shadow_blur_strength_tablet=\u00a0\u00bb1px\u00a0\u00bb header_text_shadow_horizontal_length_tablet=\u00a0\u00bb0px\u00a0\u00bb header_text_shadow_vertical_length_tablet=\u00a0\u00bb0px\u00a0\u00bb header_text_shadow_blur_strength_tablet=\u00a0\u00bb1px\u00a0\u00bb header_2_text_shadow_horizontal_length_tablet=\u00a0\u00bb0px\u00a0\u00bb header_2_text_shadow_vertical_length_tablet=\u00a0\u00bb0px\u00a0\u00bb header_2_text_shadow_blur_strength_tablet=\u00a0\u00bb1px\u00a0\u00bb header_3_text_shadow_horizontal_length_tablet=\u00a0\u00bb0px\u00a0\u00bb header_3_text_shadow_vertical_length_tablet=\u00a0\u00bb0px\u00a0\u00bb header_3_text_shadow_blur_strength_tablet=\u00a0\u00bb1px\u00a0\u00bb header_4_text_shadow_horizontal_length_tablet=\u00a0\u00bb0px\u00a0\u00bb header_4_text_shadow_vertical_length_tablet=\u00a0\u00bb0px\u00a0\u00bb header_4_text_shadow_blur_strength_tablet=\u00a0\u00bb1px\u00a0\u00bb header_5_text_shadow_horizontal_length_tablet=\u00a0\u00bb0px\u00a0\u00bb header_5_text_shadow_vertical_length_tablet=\u00a0\u00bb0px\u00a0\u00bb header_5_text_shadow_blur_strength_tablet=\u00a0\u00bb1px\u00a0\u00bb header_6_text_shadow_horizontal_length_tablet=\u00a0\u00bb0px\u00a0\u00bb header_6_text_shadow_vertical_length_tablet=\u00a0\u00bb0px\u00a0\u00bb header_6_text_shadow_blur_strength_tablet=\u00a0\u00bb1px\u00a0\u00bb box_shadow_horizontal_tablet=\u00a0\u00bb0px\u00a0\u00bb box_shadow_vertical_tablet=\u00a0\u00bb0px\u00a0\u00bb box_shadow_blur_tablet=\u00a0\u00bb40px\u00a0\u00bb box_shadow_spread_tablet=\u00a0\u00bb0px\u00a0\u00bb]<\/p>\n<p style=\"text-align: justify;\"><img loading=\"lazy\" decoding=\"async\" class=\"size-medium wp-image-1211 alignright\" src=\"https:\/\/archive.usep.org\/wp-content\/uploads\/2017\/02\/espace-enseignants-300x181.jpg\" alt=\"\" width=\"300\" height=\"181\" \/>L\u2019USEP, une occasion pour chaque enseignant de faire partie d\u2019un <strong>r\u00e9seau professionnel<\/strong> permettant d\u2019\u00e9changer, de se former, de se ressourcer, d\u2019innover\u00a0:<\/p>\n<ul style=\"text-align: justify;\">\n<li>en mettant en place des rencontres sportives inclusives et \u00e9quitables,<\/li>\n<li>en permettant aux enfants de s\u2019\u00e9panouir et de se construire une culture sportive citoyenne,<\/li>\n<li>en favorisant l\u2019ouverture de l\u2019\u00e9cole aux parents par des actions partag\u00e9es.<\/li>\n<\/ul>\n<p style=\"text-align: justify;\">L\u2019USEP accompagne les enseignants par l\u2019interm\u00e9diaire <strong>d\u2019une documentation p\u00e9dagogique<\/strong>, de <strong>formations professionnelles<\/strong> qui contribuent \u00e0 la mise en \u0153uvre des activit\u00e9s USEP en lien avec les programmes d\u2019EPS et d\u2019enseignement moral et civique. La vie d\u2019une association USEP dans une \u00e9cole renforce les parcours sant\u00e9 et citoyen des \u00e9l\u00e8ves et favorise un climat scolaire serein.<\/p>\n<p style=\"text-align: justify;\"><strong>L\u2019association USEP peut \u00eatre cr\u00e9\u00e9e dans chaque \u00e9cole<\/strong>, maternelle, \u00e9l\u00e9mentaire ou primaire \u00e0 l\u2019initiative d\u2019un ou plusieurs adultes de la communaut\u00e9 \u00e9ducative. Le directeur est membre de droit de cette association. Le comit\u00e9 d\u00e9partemental USEP de chaque d\u00e9partement accompagne tous les adultes qui souhaitent cr\u00e9er une association au sein d\u2019une \u00e9cole.<\/p>\n<p><strong>Avec l&rsquo;Usep, d\u00e9veloppez la pratique sportive et associative des enfants de votre \u00e9cole<\/strong> : <a href=\"https:\/\/archive.usep.org\/wp-content\/uploads\/2019\/07\/Livret-animateur-USEP.pdf\" target=\"_blank\" rel=\"noopener noreferrer\">t\u00e9l\u00e9charger le livret enseignant-e-s animateurs et animatrices Usep<\/a><\/p>\n<p>[\/et_pb_text][\/et_pb_column][\/et_pb_row][\/et_pb_section][et_pb_section fb_built=\u00a0\u00bb1&Prime; inner_shadow=\u00a0\u00bbon\u00a0\u00bb admin_label=\u00a0\u00bbsection\u00a0\u00bb _builder_version=\u00a0\u00bb3.22.3&Prime; background_color=\u00a0\u00bb#f5f5f5&Prime;][et_pb_row admin_label=\u00a0\u00bbrow\u00a0\u00bb _builder_version=\u00a0\u00bb3.25&Prime; background_size=\u00a0\u00bbinitial\u00a0\u00bb background_position=\u00a0\u00bbtop_left\u00a0\u00bb background_repeat=\u00a0\u00bbrepeat\u00a0\u00bb][et_pb_column type=\u00a0\u00bb4_4&Prime; _builder_version=\u00a0\u00bb3.0.47&Prime; custom_padding=\u00a0\u00bb|||\u00a0\u00bb custom_padding__hover=\u00a0\u00bb|||\u00a0\u00bb][et_pb_text _builder_version=\u00a0\u00bb3.15&Prime; border_style=\u00a0\u00bbsolid\u00a0\u00bb]<\/p>\n<h3 style=\"text-align: center;\">Cr\u00e9er et faire vivre l&rsquo;association USEP dans son \u00e9cole<\/h3>\n<p>[\/et_pb_text][et_pb_blog fullwidth=\u00a0\u00bboff\u00a0\u00bb posts_number=\u00a0\u00bb12&Prime; include_categories=\u00a0\u00bb54,53&Prime; show_more=\u00a0\u00bbon\u00a0\u00bb show_author=\u00a0\u00bboff\u00a0\u00bb show_date=\u00a0\u00bboff\u00a0\u00bb show_comments=\u00a0\u00bbon\u00a0\u00bb show_pagination=\u00a0\u00bboff\u00a0\u00bb _builder_version=\u00a0\u00bb3.0.94&Prime; box_shadow_style=\u00a0\u00bbpreset1&Prime; pagination_font_size_tablet=\u00a0\u00bb51&Prime; pagination_line_height_tablet=\u00a0\u00bb2&Prime; use_dropshadow=\u00a0\u00bboff\u00a0\u00bb][\/et_pb_blog][\/et_pb_column][\/et_pb_row][\/et_pb_section][et_pb_section fb_built=\u00a0\u00bb1&Prime; inner_shadow=\u00a0\u00bbon\u00a0\u00bb admin_label=\u00a0\u00bbsection\u00a0\u00bb _builder_version=\u00a0\u00bb3.22.3&Prime; background_color=\u00a0\u00bb#ffffff\u00a0\u00bb][et_pb_row admin_label=\u00a0\u00bbrow\u00a0\u00bb _builder_version=\u00a0\u00bb3.25&Prime; background_size=\u00a0\u00bbinitial\u00a0\u00bb background_position=\u00a0\u00bbtop_left\u00a0\u00bb background_repeat=\u00a0\u00bbrepeat\u00a0\u00bb][et_pb_column type=\u00a0\u00bb4_4&Prime; _builder_version=\u00a0\u00bb3.0.47&Prime; custom_padding=\u00a0\u00bb|||\u00a0\u00bb custom_padding__hover=\u00a0\u00bb|||\u00a0\u00bb][et_pb_text _builder_version=\u00a0\u00bb3.17.1&Prime; border_style=\u00a0\u00bbsolid\u00a0\u00bb]<\/p>\n<h3 style=\"text-align: center;\">\u00c9clairages p\u00e9dagogiques<\/h3>\n<p>[\/et_pb_text][et_pb_blog fullwidth=\u00a0\u00bboff\u00a0\u00bb posts_number=\u00a0\u00bb12&Prime; include_categories=\u00a0\u00bb104&Prime; show_more=\u00a0\u00bbon\u00a0\u00bb show_author=\u00a0\u00bboff\u00a0\u00bb show_date=\u00a0\u00bboff\u00a0\u00bb show_comments=\u00a0\u00bbon\u00a0\u00bb show_pagination=\u00a0\u00bboff\u00a0\u00bb _builder_version=\u00a0\u00bb3.17.1&Prime; box_shadow_style=\u00a0\u00bbpreset1&Prime; pagination_font_size_tablet=\u00a0\u00bb51&Prime; pagination_line_height_tablet=\u00a0\u00bb2&Prime; use_dropshadow=\u00a0\u00bboff\u00a0\u00bb][\/et_pb_blog][\/et_pb_column][\/et_pb_row][\/et_pb_section][et_pb_section fb_built=\u00a0\u00bb1&Prime; inner_shadow=\u00a0\u00bbon\u00a0\u00bb admin_label=\u00a0\u00bbsection\u00a0\u00bb _builder_version=\u00a0\u00bb3.22.3&Prime; background_color=\u00a0\u00bb#f5f5f5&Prime;][et_pb_row admin_label=\u00a0\u00bbrow\u00a0\u00bb _builder_version=\u00a0\u00bb3.25&Prime; background_size=\u00a0\u00bbinitial\u00a0\u00bb background_position=\u00a0\u00bbtop_left\u00a0\u00bb background_repeat=\u00a0\u00bbrepeat\u00a0\u00bb][et_pb_column type=\u00a0\u00bb4_4&Prime; _builder_version=\u00a0\u00bb3.0.47&Prime; custom_padding=\u00a0\u00bb|||\u00a0\u00bb custom_padding__hover=\u00a0\u00bb|||\u00a0\u00bb][et_pb_text _builder_version=\u00a0\u00bb3.0.87&Prime; border_style=\u00a0\u00bbsolid\u00a0\u00bb]<\/p>\n<h3 style=\"text-align: center;\">L&rsquo;USEP : un r\u00e9seau pour partager<\/h3>\n<p>[\/et_pb_text][et_pb_blog fullwidth=\u00a0\u00bboff\u00a0\u00bb posts_number=\u00a0\u00bb12&Prime; include_categories=\u00a0\u00bb52&Prime; show_more=\u00a0\u00bbon\u00a0\u00bb show_author=\u00a0\u00bboff\u00a0\u00bb show_date=\u00a0\u00bboff\u00a0\u00bb show_comments=\u00a0\u00bbon\u00a0\u00bb show_pagination=\u00a0\u00bboff\u00a0\u00bb _builder_version=\u00a0\u00bb3.0.94&Prime; box_shadow_style=\u00a0\u00bbpreset1&Prime; pagination_font_size_tablet=\u00a0\u00bb51&Prime; pagination_line_height_tablet=\u00a0\u00bb2&Prime; use_dropshadow=\u00a0\u00bboff\u00a0\u00bb][\/et_pb_blog][\/et_pb_column][\/et_pb_row][\/et_pb_section][et_pb_section fb_built=\u00a0\u00bb1&Prime; inner_shadow=\u00a0\u00bbon\u00a0\u00bb admin_label=\u00a0\u00bbsection\u00a0\u00bb _builder_version=\u00a0\u00bb3.22.3&Prime; background_color=\u00a0\u00bb#ffffff\u00a0\u00bb][et_pb_row admin_label=\u00a0\u00bbrow\u00a0\u00bb _builder_version=\u00a0\u00bb3.25&Prime; background_size=\u00a0\u00bbinitial\u00a0\u00bb background_position=\u00a0\u00bbtop_left\u00a0\u00bb background_repeat=\u00a0\u00bbrepeat\u00a0\u00bb][et_pb_column type=\u00a0\u00bb4_4&Prime; _builder_version=\u00a0\u00bb3.0.47&Prime; custom_padding=\u00a0\u00bb|||\u00a0\u00bb custom_padding__hover=\u00a0\u00bb|||\u00a0\u00bb][et_pb_text _builder_version=\u00a0\u00bb3.0.87&Prime; border_style=\u00a0\u00bbsolid\u00a0\u00bb]<\/p>\n<h3 style=\"text-align: center;\">Les textes de r\u00e9f\u00e9rence<\/h3>\n<p>[\/et_pb_text][et_pb_blog fullwidth=\u00a0\u00bboff\u00a0\u00bb posts_number=\u00a0\u00bb12&Prime; include_categories=\u00a0\u00bb51&Prime; show_more=\u00a0\u00bbon\u00a0\u00bb show_author=\u00a0\u00bboff\u00a0\u00bb show_date=\u00a0\u00bboff\u00a0\u00bb show_comments=\u00a0\u00bbon\u00a0\u00bb show_pagination=\u00a0\u00bboff\u00a0\u00bb _builder_version=\u00a0\u00bb3.0.94&Prime; box_shadow_style=\u00a0\u00bbpreset1&Prime; pagination_font_size_tablet=\u00a0\u00bb51&Prime; pagination_line_height_tablet=\u00a0\u00bb2&Prime; use_dropshadow=\u00a0\u00bboff\u00a0\u00bb][\/et_pb_blog][\/et_pb_column][\/et_pb_row][\/et_pb_section][et_pb_section fb_built=\u00a0\u00bb1&Prime; _builder_version=\u00a0\u00bb3.22.3&Prime; custom_margin=\u00a0\u00bb0px|0px|0px|0px\u00a0\u00bb custom_padding=\u00a0\u00bb0px|0px|0px|0px\u00a0\u00bb][et_pb_row custom_margin=\u00a0\u00bb0px|0px|0px|0px\u00a0\u00bb _builder_version=\u00a0\u00bb3.25&Prime;][et_pb_column type=\u00a0\u00bb4_4&Prime; _builder_version=\u00a0\u00bb3.0.47&Prime; custom_padding=\u00a0\u00bb|||\u00a0\u00bb custom_padding__hover=\u00a0\u00bb|||\u00a0\u00bb][\/et_pb_column][\/et_pb_row][\/et_pb_section]<\/p>\n","protected":false},"excerpt":{"rendered":"<p>L\u2019USEP, une occasion pour chaque enseignant de faire partie d\u2019un r\u00e9seau professionnel permettant d\u2019\u00e9changer, de se former, de se ressourcer, d\u2019innover\u00a0: en mettant en place des rencontres sportives inclusives et [&hellip;]<\/p>\n","protected":false},"author":1,"featured_media":0,"parent":0,"menu_order":0,"comment_status":"closed","ping_status":"closed","template":"","meta":{"_et_pb_use_builder":"on","_et_pb_old_content":"","_et_gb_content_width":"","footnotes":""},"class_list":["post-656","page","type-page","status-publish","hentry"],"yoast_head":"<!-- This site is optimized with the Yoast SEO plugin v27.5 - https:\/\/yoast.com\/product\/yoast-seo-wordpress\/ -->\n<title>Espace enseignant-e-s - USEP<\/title>\n<meta name=\"robots\" content=\"noindex, follow, max-snippet:-1, max-image-preview:large, max-video-preview:-1\" \/>\n<meta property=\"og:locale\" content=\"fr_FR\" \/>\n<meta property=\"og:type\" content=\"article\" \/>\n<meta property=\"og:title\" content=\"Espace enseignant-e-s - USEP\" \/>\n<meta property=\"og:description\" content=\"L\u2019USEP, une occasion pour chaque enseignant de faire partie d\u2019un r\u00e9seau professionnel permettant d\u2019\u00e9changer, de se former, de se ressourcer, d\u2019innover\u00a0: en mettant en place des rencontres sportives inclusives et [&hellip;]\" \/>\n<meta property=\"og:url\" content=\"https:\/\/archive.usep.org\/index.php\/espace-enseignants\/\" \/>\n<meta property=\"og:site_name\" content=\"USEP\" \/>\n<meta property=\"article:modified_time\" content=\"2025-04-14T11:46:54+00:00\" \/>\n<meta property=\"og:image\" content=\"https:\/\/archive.usep.org\/wp-content\/uploads\/2017\/02\/espace-enseignants.jpg\" \/>\n\t<meta property=\"og:image:width\" content=\"500\" \/>\n\t<meta property=\"og:image:height\" content=\"302\" \/>\n\t<meta property=\"og:image:type\" content=\"image\/jpeg\" \/>\n<meta name=\"twitter:card\" content=\"summary_large_image\" \/>\n<meta name=\"twitter:label1\" content=\"Dur\u00e9e de lecture estim\u00e9e\" \/>\n\t<meta name=\"twitter:data1\" content=\"7 minutes\" \/>\n<script type=\"application\/ld+json\" class=\"yoast-schema-graph\">{\"@context\":\"https:\\\/\\\/schema.org\",\"@graph\":[{\"@type\":\"WebPage\",\"@id\":\"https:\\\/\\\/archive.usep.org\\\/index.php\\\/espace-enseignants\\\/\",\"url\":\"https:\\\/\\\/archive.usep.org\\\/index.php\\\/espace-enseignants\\\/\",\"name\":\"Espace enseignant-e-s - USEP\",\"isPartOf\":{\"@id\":\"https:\\\/\\\/archive.usep.org\\\/#website\"},\"primaryImageOfPage\":{\"@id\":\"https:\\\/\\\/archive.usep.org\\\/index.php\\\/espace-enseignants\\\/#primaryimage\"},\"image\":{\"@id\":\"https:\\\/\\\/archive.usep.org\\\/index.php\\\/espace-enseignants\\\/#primaryimage\"},\"thumbnailUrl\":\"https:\\\/\\\/archive.usep.org\\\/wp-content\\\/uploads\\\/2017\\\/02\\\/espace-enseignants-300x181.jpg\",\"datePublished\":\"2017-02-28T10:51:34+00:00\",\"dateModified\":\"2025-04-14T11:46:54+00:00\",\"breadcrumb\":{\"@id\":\"https:\\\/\\\/archive.usep.org\\\/index.php\\\/espace-enseignants\\\/#breadcrumb\"},\"inLanguage\":\"fr-FR\",\"potentialAction\":[{\"@type\":\"ReadAction\",\"target\":[\"https:\\\/\\\/archive.usep.org\\\/index.php\\\/espace-enseignants\\\/\"]}]},{\"@type\":\"ImageObject\",\"inLanguage\":\"fr-FR\",\"@id\":\"https:\\\/\\\/archive.usep.org\\\/index.php\\\/espace-enseignants\\\/#primaryimage\",\"url\":\"https:\\\/\\\/archive.usep.org\\\/wp-content\\\/uploads\\\/2017\\\/02\\\/espace-enseignants.jpg\",\"contentUrl\":\"https:\\\/\\\/archive.usep.org\\\/wp-content\\\/uploads\\\/2017\\\/02\\\/espace-enseignants.jpg\",\"width\":500,\"height\":302,\"caption\":\"USEP\"},{\"@type\":\"BreadcrumbList\",\"@id\":\"https:\\\/\\\/archive.usep.org\\\/index.php\\\/espace-enseignants\\\/#breadcrumb\",\"itemListElement\":[{\"@type\":\"ListItem\",\"position\":1,\"name\":\"Accueil\",\"item\":\"https:\\\/\\\/archive.usep.org\\\/\"},{\"@type\":\"ListItem\",\"position\":2,\"name\":\"Espace enseignant-e-s\"}]},{\"@type\":\"WebSite\",\"@id\":\"https:\\\/\\\/archive.usep.org\\\/#website\",\"url\":\"https:\\\/\\\/archive.usep.org\\\/\",\"name\":\"USEP\",\"description\":\"\",\"potentialAction\":[{\"@type\":\"SearchAction\",\"target\":{\"@type\":\"EntryPoint\",\"urlTemplate\":\"https:\\\/\\\/archive.usep.org\\\/?s={search_term_string}\"},\"query-input\":{\"@type\":\"PropertyValueSpecification\",\"valueRequired\":true,\"valueName\":\"search_term_string\"}}],\"inLanguage\":\"fr-FR\"}]}<\/script>\n<!-- \/ Yoast SEO plugin. -->","yoast_head_json":{"title":"Espace enseignant-e-s - USEP","robots":{"index":"noindex","follow":"follow","max-snippet":"max-snippet:-1","max-image-preview":"max-image-preview:large","max-video-preview":"max-video-preview:-1"},"og_locale":"fr_FR","og_type":"article","og_title":"Espace enseignant-e-s - USEP","og_description":"L\u2019USEP, une occasion pour chaque enseignant de faire partie d\u2019un r\u00e9seau professionnel permettant d\u2019\u00e9changer, de se former, de se ressourcer, d\u2019innover\u00a0: en mettant en place des rencontres sportives inclusives et [&hellip;]","og_url":"https:\/\/archive.usep.org\/index.php\/espace-enseignants\/","og_site_name":"USEP","article_modified_time":"2025-04-14T11:46:54+00:00","og_image":[{"width":500,"height":302,"url":"https:\/\/archive.usep.org\/wp-content\/uploads\/2017\/02\/espace-enseignants.jpg","type":"image\/jpeg"}],"twitter_card":"summary_large_image","twitter_misc":{"Dur\u00e9e de lecture estim\u00e9e":"7 minutes"},"schema":{"@context":"https:\/\/schema.org","@graph":[{"@type":"WebPage","@id":"https:\/\/archive.usep.org\/index.php\/espace-enseignants\/","url":"https:\/\/archive.usep.org\/index.php\/espace-enseignants\/","name":"Espace enseignant-e-s - USEP","isPartOf":{"@id":"https:\/\/archive.usep.org\/#website"},"primaryImageOfPage":{"@id":"https:\/\/archive.usep.org\/index.php\/espace-enseignants\/#primaryimage"},"image":{"@id":"https:\/\/archive.usep.org\/index.php\/espace-enseignants\/#primaryimage"},"thumbnailUrl":"https:\/\/archive.usep.org\/wp-content\/uploads\/2017\/02\/espace-enseignants-300x181.jpg","datePublished":"2017-02-28T10:51:34+00:00","dateModified":"2025-04-14T11:46:54+00:00","breadcrumb":{"@id":"https:\/\/archive.usep.org\/index.php\/espace-enseignants\/#breadcrumb"},"inLanguage":"fr-FR","potentialAction":[{"@type":"ReadAction","target":["https:\/\/archive.usep.org\/index.php\/espace-enseignants\/"]}]},{"@type":"ImageObject","inLanguage":"fr-FR","@id":"https:\/\/archive.usep.org\/index.php\/espace-enseignants\/#primaryimage","url":"https:\/\/archive.usep.org\/wp-content\/uploads\/2017\/02\/espace-enseignants.jpg","contentUrl":"https:\/\/archive.usep.org\/wp-content\/uploads\/2017\/02\/espace-enseignants.jpg","width":500,"height":302,"caption":"USEP"},{"@type":"BreadcrumbList","@id":"https:\/\/archive.usep.org\/index.php\/espace-enseignants\/#breadcrumb","itemListElement":[{"@type":"ListItem","position":1,"name":"Accueil","item":"https:\/\/archive.usep.org\/"},{"@type":"ListItem","position":2,"name":"Espace enseignant-e-s"}]},{"@type":"WebSite","@id":"https:\/\/archive.usep.org\/#website","url":"https:\/\/archive.usep.org\/","name":"USEP","description":"","potentialAction":[{"@type":"SearchAction","target":{"@type":"EntryPoint","urlTemplate":"https:\/\/archive.usep.org\/?s={search_term_string}"},"query-input":{"@type":"PropertyValueSpecification","valueRequired":true,"valueName":"search_term_string"}}],"inLanguage":"fr-FR"}]}},"_links":{"self":[{"href":"https:\/\/archive.usep.org\/index.php\/wp-json\/wp\/v2\/pages\/656","targetHints":{"allow":["GET"]}}],"collection":[{"href":"https:\/\/archive.usep.org\/index.php\/wp-json\/wp\/v2\/pages"}],"about":[{"href":"https:\/\/archive.usep.org\/index.php\/wp-json\/wp\/v2\/types\/page"}],"author":[{"embeddable":true,"href":"https:\/\/archive.usep.org\/index.php\/wp-json\/wp\/v2\/users\/1"}],"replies":[{"embeddable":true,"href":"https:\/\/archive.usep.org\/index.php\/wp-json\/wp\/v2\/comments?post=656"}],"version-history":[{"count":39,"href":"https:\/\/archive.usep.org\/index.php\/wp-json\/wp\/v2\/pages\/656\/revisions"}],"predecessor-version":[{"id":23294,"href":"https:\/\/archive.usep.org\/index.php\/wp-json\/wp\/v2\/pages\/656\/revisions\/23294"}],"wp:attachment":[{"href":"https:\/\/archive.usep.org\/index.php\/wp-json\/wp\/v2\/media?parent=656"}],"curies":[{"name":"wp","href":"https:\/\/api.w.org\/{rel}","templated":true}]}}